{"id":285,"date":"2018-09-12T14:42:49","date_gmt":"2018-09-12T14:42:49","guid":{"rendered":"https:\/\/basler-blog.ch\/?page_id=285"},"modified":"2023-01-23T16:05:59","modified_gmt":"2023-01-23T16:05:59","slug":"ueber-diese-seite","status":"publish","type":"page","link":"https:\/\/basler-blog.ch\/?page_id=285","title":{"rendered":"\u00dcber diese Seite"},"content":{"rendered":"<p><span style=\"font-family: 'courier new', courier, monospace;\">Warum ein Basler-Blog<\/span><\/p>\n<p><span style=\"font-family: 'courier new', courier, monospace;\">Seit Februar 2022 sitze ich f\u00fcr die <a href=\"http:\/\/www.ldp.ch\" target=\"_blank\" rel=\"noopener\">LDP<\/a> im Grossen Rat des Kanton Basel-Stadt. Inzwischen kann ich sagen, dass im Rat viele Gesch\u00e4fte behandelt werden, die mich nicht absonderlich interessieren, andere daf\u00fcr sehr. Die Idee diese Blogs ist es, \u00fcber die Gesch\u00e4fte, die mich interessieren oder diejenigen, die ich selber einreiche zu schreiben. Dabei werde ich meine, politisch nicht neutrale, Meinung kundtun und freue mich auf rege Diskussionen.<\/span><\/p>\n<p><span style=\"font-family: 'courier new', courier, monospace;\">Im Blog werde ich vor allem Basler Themen behandeln und zur Auflockerung auch immer wieder ein Bild von mir oder einen Spruch aus meiner Feder einfliessen lassen. Der Blog wird durch Geschichten aus dem Basler Zoo (Zolli), der mir pers\u00f6nlich enorm wichtig ist abgerundet. Der Zolli ist in Basel eine Institution und er arbeitet seit langem f\u00fcr das Tierwohl, macht sehr wichtige Forschungen und tr\u00e4gt mit seinen Zuchterfolgen dazu bei, dass einige vom Aussterben bedrohten Tierarten zumindest in Zoos gez\u00fcchtet werden und so der Genpool bestehen bleibt.<\/span><\/p>\n<p><span style=\"font-family: 'courier new', courier, monospace;\">Immer wieder schreibe ich f\u00fcr die Spalentor-Gundeldingerzeitung (fr\u00fcher auch f\u00fcr andere Zeitungen), diese Artikel haben nie den Anspruch politisch (oder sonst wie) neutral zu sein. Vielmehr fliesst meine- und oft auch die Meinung meiner Umgebung in die Artikel. Da die Zeitung h\u00f6chstens monatlich herauskommt und ich auch weniger Platz bekomme, habe ich mich entschlossen diesem Blog zu machen.<\/span><\/p>\n<p><span style=\"font-family: 'courier new', courier, monospace;\">weitere Informationen zu meiner Person finden Sie auf meiner pers\u00f6nlichen Web Page:\u00a0<a href=\"https:\/\/www.philip-karger.ch\/\" target=\"_blank\" rel=\"noopener\">Philip-Karger.ch<\/a>\u00a0und auf der Page meiner Firma:\u00a0<a href=\"https:\/\/www.kargerinfo.com\/\" target=\"_blank\" rel=\"noopener\">Kargerinfo.com<\/a><br \/>\nBilder von mir finden Sie auf meiner Fotopage:\u00a0<a href=\"http:\/\/www.pk-vision.ch\/\" target=\"_blank\" rel=\"noopener\">PK-Vision<\/a>\u00a0und zu der Seite zum Buch: &#8222;Basilia, eine Basiliskin entdeckt Basel&#8220; geht es hier:\u00a0<a href=\"https:\/\/basilia-basel.ch\/\" target=\"_blank\" rel=\"noopener\">Basilia<\/a><\/span><\/p>\n ","protected":false},"excerpt":{"rendered":"<p>Warum ein Basler-Blog Seit Februar 2022 sitze ich f\u00fcr die LDP im Grossen Rat des Kanton Basel-Stadt. Inzwischen kann ich sagen, dass im Rat viele Gesch\u00e4fte behandelt werden, die mich nicht absonderlich interessieren, andere daf\u00fcr sehr. Die Idee diese Blogs ist es, \u00fcber die Gesch\u00e4fte, die mich interessieren oder diejenigen, die ich selber einreiche zu [&hellip;]<\/p>\n","protected":false},"author":2,"featured_media":0,"parent":0,"menu_order":0,"comment_status":"closed","ping_status":"closed","template":"","meta":{"ocean_post_layout":"","ocean_both_sidebars_style":"","ocean_both_sidebars_content_width":0,"ocean_both_sidebars_sidebars_width":0,"ocean_sidebar":"0","ocean_second_sidebar":"0","ocean_disable_margins":"enable","ocean_add_body_class":"","ocean_shortcode_before_top_bar":"","ocean_shortcode_after_top_bar":"","ocean_shortcode_before_header":"","ocean_shortcode_after_header":"","ocean_has_shortcode":"","ocean_shortcode_after_title":"","ocean_shortcode_before_footer_widgets":"","ocean_shortcode_after_footer_widgets":"","ocean_shortcode_before_footer_bottom":"","ocean_shortcode_after_footer_bottom":"","ocean_display_top_bar":"default","ocean_display_header":"default","ocean_header_style":"","ocean_center_header_left_menu":"0","ocean_custom_header_template":"0","ocean_custom_logo":0,"ocean_custom_retina_logo":0,"ocean_custom_logo_max_width":0,"ocean_custom_logo_tablet_max_width":0,"ocean_custom_logo_mobile_max_width":0,"ocean_custom_logo_max_height":0,"ocean_custom_logo_tablet_max_height":0,"ocean_custom_logo_mobile_max_height":0,"ocean_header_custom_menu":"0","ocean_menu_typo_font_family":"0","ocean_menu_typo_font_subset":"","ocean_menu_typo_font_size":0,"ocean_menu_typo_font_size_tablet":0,"ocean_menu_typo_font_size_mobile":0,"ocean_menu_typo_font_size_unit":"px","ocean_menu_typo_font_weight":"","ocean_menu_typo_font_weight_tablet":"","ocean_menu_typo_font_weight_mobile":"","ocean_menu_typo_transform":"","ocean_menu_typo_transform_tablet":"","ocean_menu_typo_transform_mobile":"","ocean_menu_typo_line_height":0,"ocean_menu_typo_line_height_tablet":0,"ocean_menu_typo_line_height_mobile":0,"ocean_menu_typo_line_height_unit":"","ocean_menu_typo_spacing":0,"ocean_menu_typo_spacing_tablet":0,"ocean_menu_typo_spacing_mobile":0,"ocean_menu_typo_spacing_unit":"","ocean_menu_link_color":"","ocean_menu_link_color_hover":"","ocean_menu_link_color_active":"","ocean_menu_link_background":"","ocean_menu_link_hover_background":"","ocean_menu_link_active_background":"","ocean_menu_social_links_bg":"","ocean_menu_social_hover_links_bg":"","ocean_menu_social_links_color":"","ocean_menu_social_hover_links_color":"","ocean_disable_title":"default","ocean_disable_heading":"default","ocean_post_title":"","ocean_post_subheading":"","ocean_post_title_style":"","ocean_post_title_background_color":"","ocean_post_title_background":0,"ocean_post_title_bg_image_position":"","ocean_post_title_bg_image_attachment":"","ocean_post_title_bg_image_repeat":"","ocean_post_title_bg_image_size":"","ocean_post_title_height":0,"ocean_post_title_bg_overlay":0.5,"ocean_post_title_bg_overlay_color":"","ocean_disable_breadcrumbs":"default","ocean_breadcrumbs_color":"","ocean_breadcrumbs_separator_color":"","ocean_breadcrumbs_links_color":"","ocean_breadcrumbs_links_hover_color":"","ocean_display_footer_widgets":"default","ocean_display_footer_bottom":"default","ocean_custom_footer_template":"0","footnotes":""},"class_list":["post-285","page","type-page","status-publish","hentry","entry"],"_links":{"self":[{"href":"https:\/\/basler-blog.ch\/index.php?rest_route=\/wp\/v2\/pages\/285","targetHints":{"allow":["GET"]}}],"collection":[{"href":"https:\/\/basler-blog.ch\/index.php?rest_route=\/wp\/v2\/pages"}],"about":[{"href":"https:\/\/basler-blog.ch\/index.php?rest_route=\/wp\/v2\/types\/page"}],"author":[{"embeddable":true,"href":"https:\/\/basler-blog.ch\/index.php?rest_route=\/wp\/v2\/users\/2"}],"replies":[{"embeddable":true,"href":"https:\/\/basler-blog.ch\/index.php?rest_route=%2Fwp%2Fv2%2Fcomments&post=285"}],"version-history":[{"count":5,"href":"https:\/\/basler-blog.ch\/index.php?rest_route=\/wp\/v2\/pages\/285\/revisions"}],"predecessor-version":[{"id":439,"href":"https:\/\/basler-blog.ch\/index.php?rest_route=\/wp\/v2\/pages\/285\/revisions\/439"}],"wp:attachment":[{"href":"https:\/\/basler-blog.ch\/index.php?rest_route=%2Fwp%2Fv2%2Fmedia&parent=285"}],"curies":[{"name":"wp","href":"https:\/\/api.w.org\/{rel}","templated":true}]}}